{"id":2,"date":"2017-02-07T00:25:36","date_gmt":"2017-02-07T02:25:36","guid":{"rendered":"http:\/\/www.comitesrecife.com.br\/?page_id=2"},"modified":"2017-04-04T19:58:58","modified_gmt":"2017-04-04T22:58:58","slug":"quem-somos","status":"publish","type":"page","link":"https:\/\/www.comitesrecife.com.br\/index.php\/quem-somos\/","title":{"rendered":"Quem Somos"},"content":{"rendered":"<p>Manter os la\u00e7os culturais com a It\u00e1lia, informar o Consulado e o Governo Italiano sobre as necessidades da comunidade e dar parecer sobre projetos em favor dos cidad\u00e3os italianos que residam fora do pa\u00eds s\u00e3o os principais objetivos dos Comit\u00eas dos Italianos no Exterior &#8211; COMITES.<\/p>\n<p>Tratam-se de \u00f3rg\u00e3os eletivos que representam as exig\u00eancias dos cidad\u00e3os italianos no exterior perante suas rela\u00e7\u00f5es internas na comunidade e com os consulados, com os quais colaboram para determinar as necessidades de natureza social, cultural, assistencial, desportiva e recreativa da coletividade italiana. Os COMITES estabelecem parcerias com as regi\u00f5es italianas e autonomias locais, bem como com entidades e associa\u00e7\u00f5es que operam na circunscri\u00e7\u00e3o consular para promover, no interesse da comunidade italiana, todas as iniciativas consideradas oportunas em mat\u00e9ria educativa, de forma\u00e7\u00e3o profissional e do lazer.<\/p>\n<p>Podem apresentar as solicita\u00e7\u00f5es da coletividade italiana \u00e0s autoridades e institui\u00e7\u00f5es locais e colaborar na vigil\u00e2ncia ao atendimento dos direitos e interesses dos residentes na circunscri\u00e7\u00e3o e emigrantes e no estreitamento das rela\u00e7\u00f5es Brasil-It\u00e1lia, tanto no que diz respeito aos direitos civis quanto de contratos trabalhistas, normas previdenci\u00e1rias, condi\u00e7\u00f5es de higiene e seguran\u00e7a no trabalho e leis internacionais subscritas pelo Brasil em favor de emigrantes.<\/p>\n<p><strong>Consulado da It\u00e1lia no Recife<\/strong><\/p>\n<p>A circunscri\u00e7\u00e3o do Consulado da It\u00e1lia no Recife conta com 12 membros eleitos em seu COMITES, abrangendo os estados de Alagoas, Bahia, Cear\u00e1, Maranh\u00e3o, Para\u00edba, Pernambuco, Piau\u00ed, Rio Grande do Norte e Sergipe. A elei\u00e7\u00e3o para escolha desta gest\u00e3o aconteceu em 5 de maio de 2015. S\u00f3 os cidad\u00e3os italianos com mais de 18 anos residentes no exterior, inscritos nas listas eleitorais e residentes na circunscri\u00e7\u00e3o h\u00e1 pelo menos seis meses, puderam participar das elei\u00e7\u00f5es, atrav\u00e9s de voto secreto, direto e pessoal.<\/p>\n<p>Todas as circunscri\u00e7\u00f5es consulares no mundo est\u00e3o aptas a eleger um COMITES, desde que tenham um m\u00ednimo de tr\u00eas mil italianos residentes cadastrados. H\u00e1 quase cinco mil inscritos nesta circunscri\u00e7\u00e3o. No Brasil, existem seis comit\u00eas, atuando nas circunscri\u00e7\u00f5es consulares de Recife, Curitiba, Porto Alegre, S\u00e3o Paulo, Rio de Janeiro e Belo Horizonte. Os representantes se re\u00fanem obrigatoriamente tr\u00eas vezes ao ano e extraordinariamente quantas vezes forem necess\u00e1rias. \u00c9 o que se chama de InterCOMITES. Em 2004 e 2005, j\u00e1 aconteceram duas reuni\u00e3o de presidentes de COMITES, em Bras\u00edlia e em S\u00e3o Paulo.<\/p>\n<p>O Governo da It\u00e1lia entende as elei\u00e7\u00f5es do COMITES como a ocasi\u00e3o de valorizar as comunidades italianas no exterior. Esta \u00faltima elei\u00e7\u00e3o no Recife aconteceu em um quadro institucional de recentes mudan\u00e7as positivas. Al\u00e9m da cria\u00e7\u00e3o do cargo de Ministro para os Italianos no Mundo, da reforma na lei dos COMITES, a Constitui\u00e7\u00e3o Italiana passou a reconhecer o exerc\u00edcio do direito de voto e da escolha de uma representa\u00e7\u00e3o parlamentar dos italianos no exterior, a partir das pr\u00f3ximas elei\u00e7\u00f5es legislativas. Por conseq\u00fc\u00eancia, abrem-se \u00e0s comunidades italianas no exterior novas oportunidades de afirma\u00e7\u00e3o no \u00e2mbito da paridade de direitos.<\/p>","protected":false},"excerpt":{"rendered":"<p>Manter os la\u00e7os culturais com a It\u00e1lia, informar o Consulado e o Governo Italiano sobre as necessidades da comunidade e dar parecer sobre projetos em favor dos cidad\u00e3os italianos que residam fora do pa\u00eds s\u00e3o os principais objetivos dos Comit\u00eas dos Italianos no Exterior &#8211; COMITES. Tratam-se de \u00f3rg\u00e3os eletivos que representam as exig\u00eancias dos [&hellip;]<\/p>\n","protected":false},"author":1,"featured_media":0,"parent":0,"menu_order":0,"comment_status":"closed","ping_status":"open","template":"","meta":{"footnotes":""},"class_list":["post-2","page","type-page","status-publish","hentry"],"_links":{"self":[{"href":"https:\/\/www.comitesrecife.com.br\/index.php\/wp-json\/wp\/v2\/pages\/2","targetHints":{"allow":["GET"]}}],"collection":[{"href":"https:\/\/www.comitesrecife.com.br\/index.php\/wp-json\/wp\/v2\/pages"}],"about":[{"href":"https:\/\/www.comitesrecife.com.br\/index.php\/wp-json\/wp\/v2\/types\/page"}],"author":[{"embeddable":true,"href":"https:\/\/www.comitesrecife.com.br\/index.php\/wp-json\/wp\/v2\/users\/1"}],"replies":[{"embeddable":true,"href":"https:\/\/www.comitesrecife.com.br\/index.php\/wp-json\/wp\/v2\/comments?post=2"}],"version-history":[{"count":16,"href":"https:\/\/www.comitesrecife.com.br\/index.php\/wp-json\/wp\/v2\/pages\/2\/revisions"}],"predecessor-version":[{"id":202,"href":"https:\/\/www.comitesrecife.com.br\/index.php\/wp-json\/wp\/v2\/pages\/2\/revisions\/202"}],"wp:attachment":[{"href":"https:\/\/www.comitesrecife.com.br\/index.php\/wp-json\/wp\/v2\/media?parent=2"}],"curies":[{"name":"wp","href":"https:\/\/api.w.org\/{rel}","templated":true}]}}