{"id":15,"date":"2017-02-07T00:35:35","date_gmt":"2017-02-07T02:35:35","guid":{"rendered":"http:\/\/www.comitesrecife.com.br\/?page_id=15"},"modified":"2026-01-26T13:49:15","modified_gmt":"2026-01-26T16:49:15","slug":"links-uteis","status":"publish","type":"page","link":"https:\/\/www.comitesrecife.com.br\/index.php\/links-uteis\/","title":{"rendered":"Links \u00dateis"},"content":{"rendered":"<p>CONFIRA ABAIXO, UMA LISTA DOS PRINCIPAIS SITES QUE VALEM A PENA SUA VISITA. NELES, VOC\u00ca ENCONTRAR\u00c1 DIVERSAS INFORMA\u00c7\u00d5ES E OS MAIS VARIADOS ASSUNTOS.<\/p>\n<p><strong>PARCEIROS<\/strong><\/p>\n<ul>\n<li><strong>L&#8217;Accademia Europea di Firenze<\/strong><br \/>\n<a href=\"https:\/\/aefirenze.it\/\">https:\/\/aefirenze.it<\/a><\/li>\n<li><strong>Centro Cultural Dante Alighieri<\/strong><br \/>\n<a href=\"https:\/\/www.ladanterecife.com.br\/\">https:\/\/www.ladanterecife.com.br\/<\/a><\/li>\n<\/ul>\n<p><strong>OUTROS LINKS<\/strong><\/p>\n<ul>\n<li><strong>Consulado da It\u00e1lia no Recife<\/strong><br \/>\n<a href=\"http:\/\/www.consrecife.esteri.it\">www.consrecife.esteri.it<\/a><\/li>\n<li><strong>Embaixada da It\u00e1lia em Bras\u00edlia<\/strong><br \/>\n<a href=\"http:\/\/www.ambbrasilia.esteri.it\">www.ambbrasilia.esteri.it<\/a><\/li>\n<li><strong>Comites Rio de Janeiro<\/strong><br \/>\n<a href=\"http:\/\/www.comitesrj.com.br\">www.comitesrj.com.br<\/a><\/li>\n<li><strong>Comites S\u00e3o Paulo<\/strong><br \/>\n<a href=\"http:\/\/www.comites.org.br\">www.comites.org.br<\/a><\/li>\n<li><strong>Emigrazione notizie<\/strong><br \/>\n<a href=\"http:\/\/www.emigrazione-notizie.org\">www.emigrazione-notizie.org<\/a><\/li>\n<li><strong>Consolato Generale d&#8217;It\u00e1lia<\/strong><br \/>\n<a href=\"http:\/\/www.conssanpaolo.esteri.it\">www.conssanpaolo.esteri.it<\/a><\/li>\n<li><strong>Instituto Italiano de Cultura em S\u00e3o Paulo<\/strong><br \/>\n<a href=\"http:\/\/www.iicsp.org\">www.iicsp.org<\/a><\/li>\n<li><strong>Museu da Imigra\u00e7\u00e3o<\/strong><br \/>\n<a href=\"http:\/\/www.memorialdoimigrante.sp.gov.br\">www.memorialdoimigrante.sp.gov.br<\/a><\/li>\n<li><strong>Regi\u00f5es da It\u00e1lia<\/strong><br \/>\n<a href=\"http:\/\/www.regione.vda.it\/\">Regione Valle d&#8217;Aosta<\/a><br \/>\n<a href=\"http:\/\/www.regione.piemonte.it\/\">Regione Piemonte<\/a><br \/>\n<a href=\"http:\/\/www.regione.lombardia.it\/\">Regione Lombardia<\/a><br \/>\n<a href=\"http:\/\/www.regione.liguria.it\/\">Regione Liguria<\/a><br \/>\n<a href=\"http:\/\/www.regione.taa.it\/\">Regione autonoma Trentino-Alto Adige<\/a><br \/>\n<a href=\"http:\/\/www.provincia.bz.it\/\">Provincia autonoma di Bolzano<\/a><br \/>\n<a href=\"http:\/\/www.provincia.tn.it\/\">Provincia autonoma di Trento<\/a><br \/>\n<a href=\"http:\/\/www.regione.fvg.it\/\">Regione autonoma del Friuli Venezia-Giulia<\/a><br \/>\n<a href=\"http:\/\/www.regione.veneto.it\/\">Regione Veneto<\/a><br \/>\n<a href=\"http:\/\/www.regione.emilia-romagna.it\/\">Regione Emilia-Romagna<\/a><br \/>\n<a href=\"http:\/\/www.regione.toscana.it\/\">Regione Toscana<\/a><br \/>\n<a href=\"http:\/\/www.regione.marche.it\/\">Regione Marche<\/a><br \/>\n<a href=\"http:\/\/www.regione.umbria.it\/\">Regione Umbria<\/a><br \/>\n<a href=\"http:\/\/www.regione.lazio.it\/\">Regione Lazio<\/a><br \/>\n<a href=\"http:\/\/www.regione.abruzzo.it\/\">Regione Abruzzo<\/a><br \/>\n<a href=\"http:\/\/www.regione.molise.it\/\">Regione Molise<\/a><br \/>\n<a href=\"http:\/\/www.regione.campania.it\/\">Regione Campania<\/a><br \/>\n<a href=\"http:\/\/www.regione.puglia.it\/\">Regione Puglia<\/a><br \/>\n<a href=\"http:\/\/www.regione.basilicata.it\/\">Regione Basilicata<\/a><br \/>\n<a href=\"http:\/\/www.regione.calabria.it\/\">Regione Calabria<\/a><br \/>\n<a href=\"http:\/\/www.regione.sicilia.it\/\">Regione Sicilia<\/a><br \/>\n<a href=\"http:\/\/www.regione.sardegna.it\/\">Regione Sardegna<\/a><\/li>\n<li><strong>Jornais Italianos<\/strong><br \/>\n<a href=\"http:\/\/www.gazzetta.it\/\">La Gazetta dello Sport<\/a><br \/>\n<a href=\"http:\/\/www.mir.it\/\">Il Manifesto<\/a> (Roma)<br \/>\n<a href=\"http:\/\/www.ilmondo.rcs.it\/\">Il Mondo<\/a><br \/>\n<a href=\"http:\/\/www.corriere.it\/\">Corriere della Sera<\/a><br \/>\n<a href=\"http:\/\/www.repubblica.it\/\">La Repubblica<\/a><br \/>\n<a href=\"http:\/\/www.lastampa.it\/\">La Stampa<\/a> (Torino)<br \/>\n<a href=\"http:\/\/www.lagazzetta.italia.cl\/\">LA GAZZETTA<\/a><\/li>\n<li><strong>It\u00e1lia On Line<\/strong><br \/>\n<a href=\"http:\/\/www.iol.it\/\">www.iol.it<\/a><\/li>\n<li><strong>Lista Telef\u00f4nica<\/strong><br \/>\n<a href=\"http:\/\/www.italianoffice.net\/\">It\u00e1lia e Europa<\/a><\/li>\n<li><strong>Outros sites<\/strong><br \/>\n<a href=\"http:\/\/www.paginebianche.it\">www.paginebianche.it<\/a><br \/>\n<a href=\"http:\/\/www.comuni-italiani.it\">www.comuni-italiani.it<\/a><br \/>\n<a href=\"http:\/\/www.nonsolocap.it\">www.nonsolocap.it<\/a><br \/>\n<a href=\"http:\/\/www.associb.org.br\">www.associb.org.br<\/a><br \/>\n<a href=\"http:\/\/www.oriundi.net\">www.oriundi.net<\/a><br \/>\n<a href=\"http:\/\/www.ecco.com.br\">www.ecco.com.br<\/a><\/li>\n<\/ul>\n","protected":false},"excerpt":{"rendered":"<p>CONFIRA ABAIXO, UMA LISTA DOS PRINCIPAIS SITES QUE VALEM A PENA SUA VISITA. NELES, VOC\u00ca ENCONTRAR\u00c1 DIVERSAS INFORMA\u00c7\u00d5ES E OS MAIS VARIADOS ASSUNTOS. PARCEIROS L&#8217;Accademia Europea di Firenze https:\/\/aefirenze.it Centro Cultural Dante Alighieri https:\/\/www.ladanterecife.com.br\/ OUTROS LINKS Consulado da It\u00e1lia no Recife www.consrecife.esteri.it Embaixada da It\u00e1lia em Bras\u00edlia www.ambbrasilia.esteri.it Comites Rio de Janeiro www.comitesrj.com.br Comites S\u00e3o [&hellip;]<\/p>\n","protected":false},"author":1,"featured_media":0,"parent":0,"menu_order":0,"comment_status":"closed","ping_status":"closed","template":"","meta":{"footnotes":""},"class_list":["post-15","page","type-page","status-publish","hentry"],"_links":{"self":[{"href":"https:\/\/www.comitesrecife.com.br\/index.php\/wp-json\/wp\/v2\/pages\/15","targetHints":{"allow":["GET"]}}],"collection":[{"href":"https:\/\/www.comitesrecife.com.br\/index.php\/wp-json\/wp\/v2\/pages"}],"about":[{"href":"https:\/\/www.comitesrecife.com.br\/index.php\/wp-json\/wp\/v2\/types\/page"}],"author":[{"embeddable":true,"href":"https:\/\/www.comitesrecife.com.br\/index.php\/wp-json\/wp\/v2\/users\/1"}],"replies":[{"embeddable":true,"href":"https:\/\/www.comitesrecife.com.br\/index.php\/wp-json\/wp\/v2\/comments?post=15"}],"version-history":[{"count":10,"href":"https:\/\/www.comitesrecife.com.br\/index.php\/wp-json\/wp\/v2\/pages\/15\/revisions"}],"predecessor-version":[{"id":1331,"href":"https:\/\/www.comitesrecife.com.br\/index.php\/wp-json\/wp\/v2\/pages\/15\/revisions\/1331"}],"wp:attachment":[{"href":"https:\/\/www.comitesrecife.com.br\/index.php\/wp-json\/wp\/v2\/media?parent=15"}],"curies":[{"name":"wp","href":"https:\/\/api.w.org\/{rel}","templated":true}]}}