{"id":1161,"date":"2022-01-12T23:54:16","date_gmt":"2022-01-13T02:54:16","guid":{"rendered":"http:\/\/www.comitesrecife.com.br\/?page_id=1161"},"modified":"2025-12-29T12:27:20","modified_gmt":"2025-12-29T15:27:20","slug":"salvador-lorenzato-conselheiro","status":"publish","type":"page","link":"http:\/\/www.comitesrecife.com.br\/index.php\/membros\/salvador-lorenzato-conselheiro\/","title":{"rendered":"SALVADOR LORENZATO \u2013 Secret\u00e1rio"},"content":{"rendered":"<figure class=\"wp-block-image size-full is-resized\"><img loading=\"lazy\" decoding=\"async\" src=\"http:\/\/www.comitesrecife.com.br\/wp-content\/uploads\/2022\/01\/salvador-lorenzato.jpg\" alt=\"\" class=\"wp-image-1162\" width=\"247\" height=\"241\" srcset=\"http:\/\/www.comitesrecife.com.br\/wp-content\/uploads\/2022\/01\/salvador-lorenzato.jpg 339w, http:\/\/www.comitesrecife.com.br\/wp-content\/uploads\/2022\/01\/salvador-lorenzato-300x293.jpg 300w, http:\/\/www.comitesrecife.com.br\/wp-content\/uploads\/2022\/01\/salvador-lorenzato-246x240.jpg 246w\" sizes=\"auto, (max-width: 247px) 100vw, 247px\" \/><\/figure>\n\n\n\n<p><\/p>\n\n\n\n<p>Nasceu em Recife (PE);<\/p>\n\n\n\n<p>Atualmente mora em Recife (PE);<\/p>\n\n\n\n<p>Graduado em Arquitetura e Urbanismo com p\u00f3s-gradua\u00e7\u00e3o em Gest\u00e3o de Projetos em Engenharia e Arquitetura;<\/p>\n\n\n\n<p>Colabora em eventos culturais da comunidade italiana desde a cria\u00e7\u00e3o da AGITA &#8211; Associazione Giovani Italiani, junto ao Comit\u00eas e Consulado.<\/p>\n\n\n\n<p><\/p>","protected":false},"excerpt":{"rendered":"<p>Nasceu em Recife (PE); Atualmente mora em Recife (PE); Graduado em Arquitetura e Urbanismo com p\u00f3s-gradua\u00e7\u00e3o em Gest\u00e3o de Projetos em Engenharia e Arquitetura; Colabora em eventos culturais da comunidade italiana desde a cria\u00e7\u00e3o da AGITA &#8211; Associazione Giovani Italiani, junto ao Comit\u00eas e Consulado.<\/p>\n","protected":false},"author":1,"featured_media":0,"parent":5,"menu_order":0,"comment_status":"closed","ping_status":"closed","template":"","meta":{"footnotes":""},"class_list":["post-1161","page","type-page","status-publish","hentry"],"_links":{"self":[{"href":"http:\/\/www.comitesrecife.com.br\/index.php\/wp-json\/wp\/v2\/pages\/1161","targetHints":{"allow":["GET"]}}],"collection":[{"href":"http:\/\/www.comitesrecife.com.br\/index.php\/wp-json\/wp\/v2\/pages"}],"about":[{"href":"http:\/\/www.comitesrecife.com.br\/index.php\/wp-json\/wp\/v2\/types\/page"}],"author":[{"embeddable":true,"href":"http:\/\/www.comitesrecife.com.br\/index.php\/wp-json\/wp\/v2\/users\/1"}],"replies":[{"embeddable":true,"href":"http:\/\/www.comitesrecife.com.br\/index.php\/wp-json\/wp\/v2\/comments?post=1161"}],"version-history":[{"count":2,"href":"http:\/\/www.comitesrecife.com.br\/index.php\/wp-json\/wp\/v2\/pages\/1161\/revisions"}],"predecessor-version":[{"id":1295,"href":"http:\/\/www.comitesrecife.com.br\/index.php\/wp-json\/wp\/v2\/pages\/1161\/revisions\/1295"}],"up":[{"embeddable":true,"href":"http:\/\/www.comitesrecife.com.br\/index.php\/wp-json\/wp\/v2\/pages\/5"}],"wp:attachment":[{"href":"http:\/\/www.comitesrecife.com.br\/index.php\/wp-json\/wp\/v2\/media?parent=1161"}],"curies":[{"name":"wp","href":"https:\/\/api.w.org\/{rel}","templated":true}]}}