{"id":1152,"date":"2022-01-12T23:49:15","date_gmt":"2022-01-13T02:49:15","guid":{"rendered":"http:\/\/www.comitesrecife.com.br\/?page_id=1152"},"modified":"2025-12-29T12:26:51","modified_gmt":"2025-12-29T15:26:51","slug":"luca-palmieri-conselheiro","status":"publish","type":"page","link":"http:\/\/www.comitesrecife.com.br\/index.php\/membros\/luca-palmieri-conselheiro\/","title":{"rendered":"LUCA PALMIERI \u2013 Vice-presidente"},"content":{"rendered":"<figure class=\"wp-block-image size-full is-resized\"><img loading=\"lazy\" decoding=\"async\" src=\"http:\/\/www.comitesrecife.com.br\/wp-content\/uploads\/2022\/01\/luca-palmieri.jpg\" alt=\"\" class=\"wp-image-1153\" width=\"224\" height=\"302\" srcset=\"http:\/\/www.comitesrecife.com.br\/wp-content\/uploads\/2022\/01\/luca-palmieri.jpg 314w, http:\/\/www.comitesrecife.com.br\/wp-content\/uploads\/2022\/01\/luca-palmieri-223x300.jpg 223w, http:\/\/www.comitesrecife.com.br\/wp-content\/uploads\/2022\/01\/luca-palmieri-178x240.jpg 178w\" sizes=\"auto, (max-width: 224px) 100vw, 224px\" \/><\/figure>\n\n\n\n<p><\/p>\n\n\n\n<p>Nasceu em G\u00eanova (IT);<\/p>\n\n\n\n<p>Atualmente residente em S\u00e3o Lu\u00eds do Maranh\u00e3o;<\/p>\n\n\n\n<p>Formou-se em Hist\u00f3ria e Cr\u00edtica do Cinema na Universidade de G\u00eanova;<\/p>\n\n\n\n<p>Desenvolveu suas atividades na It\u00e1lia no setor dos eventos culturais e do jornalismo;<\/p>\n\n\n\n<p>Continua trabalhando com eventos culturais e desenvolve uma nova atividade no setor do turismo.<\/p>\n\n\n\n<p><\/p>","protected":false},"excerpt":{"rendered":"<p>Nasceu em G\u00eanova (IT); Atualmente residente em S\u00e3o Lu\u00eds do Maranh\u00e3o; Formou-se em Hist\u00f3ria e Cr\u00edtica do Cinema na Universidade de G\u00eanova; Desenvolveu suas atividades na It\u00e1lia no setor dos eventos culturais e do jornalismo; Continua trabalhando com eventos culturais e desenvolve uma nova atividade no setor do turismo.<\/p>\n","protected":false},"author":1,"featured_media":0,"parent":5,"menu_order":0,"comment_status":"closed","ping_status":"closed","template":"","meta":{"footnotes":""},"class_list":["post-1152","page","type-page","status-publish","hentry"],"_links":{"self":[{"href":"http:\/\/www.comitesrecife.com.br\/index.php\/wp-json\/wp\/v2\/pages\/1152","targetHints":{"allow":["GET"]}}],"collection":[{"href":"http:\/\/www.comitesrecife.com.br\/index.php\/wp-json\/wp\/v2\/pages"}],"about":[{"href":"http:\/\/www.comitesrecife.com.br\/index.php\/wp-json\/wp\/v2\/types\/page"}],"author":[{"embeddable":true,"href":"http:\/\/www.comitesrecife.com.br\/index.php\/wp-json\/wp\/v2\/users\/1"}],"replies":[{"embeddable":true,"href":"http:\/\/www.comitesrecife.com.br\/index.php\/wp-json\/wp\/v2\/comments?post=1152"}],"version-history":[{"count":2,"href":"http:\/\/www.comitesrecife.com.br\/index.php\/wp-json\/wp\/v2\/pages\/1152\/revisions"}],"predecessor-version":[{"id":1294,"href":"http:\/\/www.comitesrecife.com.br\/index.php\/wp-json\/wp\/v2\/pages\/1152\/revisions\/1294"}],"up":[{"embeddable":true,"href":"http:\/\/www.comitesrecife.com.br\/index.php\/wp-json\/wp\/v2\/pages\/5"}],"wp:attachment":[{"href":"http:\/\/www.comitesrecife.com.br\/index.php\/wp-json\/wp\/v2\/media?parent=1152"}],"curies":[{"name":"wp","href":"https:\/\/api.w.org\/{rel}","templated":true}]}}