{"id":1143,"date":"2022-01-12T23:44:01","date_gmt":"2022-01-13T02:44:01","guid":{"rendered":"http:\/\/www.comitesrecife.com.br\/?page_id=1143"},"modified":"2025-12-29T12:27:45","modified_gmt":"2025-12-29T15:27:45","slug":"maria-rosa-signaroldi-conselheira","status":"publish","type":"page","link":"http:\/\/www.comitesrecife.com.br\/index.php\/membros\/maria-rosa-signaroldi-conselheira\/","title":{"rendered":"MARIA ROSA SIGNAROLDI \u2013 Tesoureira"},"content":{"rendered":"<figure class=\"wp-block-image size-full is-resized\"><img loading=\"lazy\" decoding=\"async\" src=\"http:\/\/www.comitesrecife.com.br\/wp-content\/uploads\/2022\/01\/maria-rosa.jpg\" alt=\"\" class=\"wp-image-1144\" width=\"255\" height=\"253\" srcset=\"http:\/\/www.comitesrecife.com.br\/wp-content\/uploads\/2022\/01\/maria-rosa.jpg 335w, http:\/\/www.comitesrecife.com.br\/wp-content\/uploads\/2022\/01\/maria-rosa-300x297.jpg 300w, http:\/\/www.comitesrecife.com.br\/wp-content\/uploads\/2022\/01\/maria-rosa-150x150.jpg 150w, http:\/\/www.comitesrecife.com.br\/wp-content\/uploads\/2022\/01\/maria-rosa-242x240.jpg 242w\" sizes=\"auto, (max-width: 255px) 100vw, 255px\" \/><\/figure>\n\n\n\n<p><\/p>\n\n\n\n<p>Nascida em Piacenza (IT);<\/p>\n\n\n\n<p>Atualmente mora em Recife (PE);<\/p>\n\n\n\n<p>Formada em comunica\u00e7\u00e3o social;<\/p>\n\n\n\n<p>P\u00f3s gradua\u00e7\u00e3o em administra\u00e7\u00e3o para o desenvolvimento;<\/p>\n\n\n\n<p>Tradutora p\u00fablica juramentada;<\/p>\n\n\n\n<p>Professora de l\u00edngua italiana;<\/p>\n\n\n\n<p>Atua como volunt\u00e1ria em associa\u00e7\u00e3o italiana.<\/p>\n\n\n\n<p><\/p>","protected":false},"excerpt":{"rendered":"<p>Nascida em Piacenza (IT); Atualmente mora em Recife (PE); Formada em comunica\u00e7\u00e3o social; P\u00f3s gradua\u00e7\u00e3o em administra\u00e7\u00e3o para o desenvolvimento; Tradutora p\u00fablica juramentada; Professora de l\u00edngua italiana; Atua como volunt\u00e1ria em associa\u00e7\u00e3o italiana.<\/p>\n","protected":false},"author":1,"featured_media":0,"parent":5,"menu_order":0,"comment_status":"closed","ping_status":"closed","template":"","meta":{"footnotes":""},"class_list":["post-1143","page","type-page","status-publish","hentry"],"_links":{"self":[{"href":"http:\/\/www.comitesrecife.com.br\/index.php\/wp-json\/wp\/v2\/pages\/1143","targetHints":{"allow":["GET"]}}],"collection":[{"href":"http:\/\/www.comitesrecife.com.br\/index.php\/wp-json\/wp\/v2\/pages"}],"about":[{"href":"http:\/\/www.comitesrecife.com.br\/index.php\/wp-json\/wp\/v2\/types\/page"}],"author":[{"embeddable":true,"href":"http:\/\/www.comitesrecife.com.br\/index.php\/wp-json\/wp\/v2\/users\/1"}],"replies":[{"embeddable":true,"href":"http:\/\/www.comitesrecife.com.br\/index.php\/wp-json\/wp\/v2\/comments?post=1143"}],"version-history":[{"count":2,"href":"http:\/\/www.comitesrecife.com.br\/index.php\/wp-json\/wp\/v2\/pages\/1143\/revisions"}],"predecessor-version":[{"id":1296,"href":"http:\/\/www.comitesrecife.com.br\/index.php\/wp-json\/wp\/v2\/pages\/1143\/revisions\/1296"}],"up":[{"embeddable":true,"href":"http:\/\/www.comitesrecife.com.br\/index.php\/wp-json\/wp\/v2\/pages\/5"}],"wp:attachment":[{"href":"http:\/\/www.comitesrecife.com.br\/index.php\/wp-json\/wp\/v2\/media?parent=1143"}],"curies":[{"name":"wp","href":"https:\/\/api.w.org\/{rel}","templated":true}]}}