{"id":1140,"date":"2022-01-12T23:42:09","date_gmt":"2022-01-13T02:42:09","guid":{"rendered":"http:\/\/www.comitesrecife.com.br\/?page_id=1140"},"modified":"2025-12-29T12:26:08","modified_gmt":"2025-12-29T15:26:08","slug":"maria-carolina-lemos-russo-secretaria","status":"publish","type":"page","link":"http:\/\/www.comitesrecife.com.br\/index.php\/membros\/maria-carolina-lemos-russo-secretaria\/","title":{"rendered":"MARIA CAROLINA LEMOS RUSSO \u2013 Presidente"},"content":{"rendered":"<figure class=\"wp-block-image size-full is-resized\"><img loading=\"lazy\" decoding=\"async\" src=\"http:\/\/www.comitesrecife.com.br\/wp-content\/uploads\/2022\/01\/maria-carolina.jpg\" alt=\"\" class=\"wp-image-1141\" width=\"194\" height=\"264\" srcset=\"http:\/\/www.comitesrecife.com.br\/wp-content\/uploads\/2022\/01\/maria-carolina.jpg 249w, http:\/\/www.comitesrecife.com.br\/wp-content\/uploads\/2022\/01\/maria-carolina-221x300.jpg 221w, http:\/\/www.comitesrecife.com.br\/wp-content\/uploads\/2022\/01\/maria-carolina-177x240.jpg 177w\" sizes=\"auto, (max-width: 194px) 100vw, 194px\" \/><\/figure>\n\n\n\n<p><\/p>\n\n\n\n<p>Nascida em Recife (PE);<\/p>\n\n\n\n<p>Atualmente mora em Jaboat\u00e3o dos Guararapes (PE);<\/p>\n\n\n\n<p>Bacharela em Direito\/ Especialista em Direito Administrativo \/ Faculdade de Direito do Recife UFPE;<\/p>\n\n\n\n<p>Analista Judici\u00e1rio TJPE;<\/p>\n\n\n\n<p>Conselheira da Associa\u00e7\u00e3o Civil \u00cdtalo-brasileira Casa D\u2019It\u00e1lia-Recife.<\/p>\n\n\n\n<p><\/p>","protected":false},"excerpt":{"rendered":"<p>Nascida em Recife (PE); Atualmente mora em Jaboat\u00e3o dos Guararapes (PE); Bacharela em Direito\/ Especialista em Direito Administrativo \/ Faculdade de Direito do Recife UFPE; Analista Judici\u00e1rio TJPE; Conselheira da Associa\u00e7\u00e3o Civil \u00cdtalo-brasileira Casa D\u2019It\u00e1lia-Recife.<\/p>\n","protected":false},"author":1,"featured_media":0,"parent":5,"menu_order":0,"comment_status":"closed","ping_status":"closed","template":"","meta":{"footnotes":""},"class_list":["post-1140","page","type-page","status-publish","hentry"],"_links":{"self":[{"href":"http:\/\/www.comitesrecife.com.br\/index.php\/wp-json\/wp\/v2\/pages\/1140","targetHints":{"allow":["GET"]}}],"collection":[{"href":"http:\/\/www.comitesrecife.com.br\/index.php\/wp-json\/wp\/v2\/pages"}],"about":[{"href":"http:\/\/www.comitesrecife.com.br\/index.php\/wp-json\/wp\/v2\/types\/page"}],"author":[{"embeddable":true,"href":"http:\/\/www.comitesrecife.com.br\/index.php\/wp-json\/wp\/v2\/users\/1"}],"replies":[{"embeddable":true,"href":"http:\/\/www.comitesrecife.com.br\/index.php\/wp-json\/wp\/v2\/comments?post=1140"}],"version-history":[{"count":4,"href":"http:\/\/www.comitesrecife.com.br\/index.php\/wp-json\/wp\/v2\/pages\/1140\/revisions"}],"predecessor-version":[{"id":1293,"href":"http:\/\/www.comitesrecife.com.br\/index.php\/wp-json\/wp\/v2\/pages\/1140\/revisions\/1293"}],"up":[{"embeddable":true,"href":"http:\/\/www.comitesrecife.com.br\/index.php\/wp-json\/wp\/v2\/pages\/5"}],"wp:attachment":[{"href":"http:\/\/www.comitesrecife.com.br\/index.php\/wp-json\/wp\/v2\/media?parent=1140"}],"curies":[{"name":"wp","href":"https:\/\/api.w.org\/{rel}","templated":true}]}}